{"id":33754,"date":"2023-07-29T17:23:56","date_gmt":"2023-07-29T17:23:56","guid":{"rendered":"https:\/\/monicacoscioni.it\/right-of-withdrawal\/"},"modified":"2023-07-29T17:23:56","modified_gmt":"2023-07-29T17:23:56","slug":"right-of-withdrawal","status":"publish","type":"page","link":"https:\/\/monicacoscioni.it\/en\/right-of-withdrawal\/","title":{"rendered":"Right of withdrawal"},"content":{"rendered":"<p>[et_pb_section fb_built=&#8221;1&#8243; _builder_version=&#8221;4.10.6&#8243; _module_preset=&#8221;default&#8221; global_colors_info=&#8221;{}&#8221;][et_pb_row _builder_version=&#8221;4.10.6&#8243; _module_preset=&#8221;default&#8221; global_colors_info=&#8221;{}&#8221;][et_pb_column type=&#8221;4_4&#8243; _builder_version=&#8221;4.10.6&#8243; _module_preset=&#8221;default&#8221; global_colors_info=&#8221;{}&#8221;][et_pb_text _builder_version=&#8221;4.10.7&#8243; _module_preset=&#8221;default&#8221; global_colors_info=&#8221;{}&#8221;]<\/p>\n<h2>DIRITTO DI RECESSO<\/h2>\n<p class=\"p1\"><span class=\"s1\"><b>INFORMATIVA SULL\u2019ESERCIZIO DEL DIRITTO DI RECESSO<br \/><\/b><\/span><span class=\"s1\">In conformit\u00e0 a quanto disposto dal D.Lgs. 206\/2005\u2013 e, nello specifico, dagli articoli 64 e seguenti del medesimo \u2013 e sue successive modificazioni, il diritto di recesso consiste nella facolt\u00e0 del Cliente Consumatore di recedere dal contratto, restituendo i prodotti acquistati con conseguente maturazione del diritto ad ottenere il rimborso del prezzo versato. Il diritto di recesso \u00e8 riconosciuto unicamente in favore del Cliente Consumatore. Al Cliente Professionista, pertanto, non \u00e8 riconosciuto alcun diritto di recesso.<br \/>DIRITTO DI RECESSO E TERMINI PER IL SUO ESERCIZIO<br \/>7. DIRITTO DI RECESSO<br \/>7.1 <br \/>Il consumatore ha il diritto di recedere dal contratto concluso con <a href=\"http:\/\/monicacoscioni.it\/negozio\/\"><span class=\"s2\">http:\/\/monicacoscioni.it\/negozio\/<\/span><\/a> , senza alcuna penalit\u00e0 e senza specificarne il motivo, entro <\/span><span class=\"s3\">14 giorni<\/span><span class=\"s1\"> decorrenti dal giorno del ricevimento dei prodotti acquistati su <a href=\"http:\/\/monicacoscioni.it\/negozio\/\"><span class=\"s2\">http:\/\/monicacoscioni.it\/negozio\/<\/span><\/a> Non \u00e8 invece possibile cambiare un gioiello scelto con un altro.<br \/>7.2 <br \/>Per recedere dal contratto il consumatore deve contattare il servizio clienti <a href=\"mailto:m.coscioni@gmail.com\"><span class=\"s2\">m.coscioni@gmail.com<\/span><\/a><br \/>Il Venditore invier\u00e0 conferma a mezzo e-mail dell\u2019avvenuto ricevimento della richiesta di recesso.<br \/>7.3<br \/>Una volta esercitato il recesso dal contratto, dovr\u00e0 restituire i prodotti al Venditore consegnandoli al corriere per la spedizione entro <\/span><span class=\"s3\">14 giorni <\/span><span class=\"s1\">che decorrono da quando ha comunicato al Venditore la decisione di recedere dal contratto seguendo la procedura indicata .<br \/>7.4<br \/>Le uniche spese a suo carico sono quelle di spedizione per la restituzione dei prodotti acquistati.<br \/>7.5<br \/>Qualora decida di utilizzare lo spedizioniere indicato dal Venditore nel Modulo di reso, non dovr\u00e0<span class=\"Apple-converted-space\">\u00a0 <\/span>tuttavia effettuare in prima persona il pagamento delle spese, a suo carico, di restituzione dei prodotti acquistati. Il pagamento delle spese di restituzione dei prodotti acquistati sar\u00e0 effettuato, per suo conto, direttamente dal Venditore, che la liberer\u00e0 pertanto da ogni obbligo di pagamento verso lo spedizioniere. Il Venditore, per il pagamento della restituzione, tratterr\u00e0 infatti dal rimborso una somma a forfait pari al costo di spedizione standard dei prodotti acquistati.<br \/>Inoltre, dal momento della riconsegna dei prodotti acquistati allo spedizioniere indicato dal Venditore nel Modulo di reso, il Venditore la<span class=\"Apple-converted-space\">\u00a0 <\/span>esonera da qualsiasi responsabilit\u00e0 in caso di smarrimento o danneggiamento dei prodotti durante il trasporto.<br \/>7.6<br \/>Il Diritto di Recesso &#8211; oltre al rispetto dei termini e delle modalit\u00e0 descritte ai precedenti punti &#8211; si intende esercitato correttamente qualora siano interamente rispettate anche le seguenti condizioni: a. la richiesta di reso deve essere inviata al venditore<span class=\"Apple-converted-space\">\u00a0 <\/span>attraverso m.coscioni@gmail.com entro <\/span><span class=\"s3\">14 giorni <\/span><span class=\"s1\">dal ricevimento dei prodotti; <br \/>b. i prodotti non devono essere stati utilizzati, indossati;<br \/>c. i prodotti devono essere restituiti nella loro confezione originale; <br \/>d. i prodotti resi devono essere consegnati allo spedizioniere entro 14 giorni che decorrono da quando ha comunicato al Venditore la decisione di recedere dal contratto; <br \/>e. i prodotti non devono essere danneggiati e manomessi;<br \/>f. gli orecchini non sono restituibili per motivi igienici. <br \/>7.7<br \/>Se il Diritto di Recesso \u00e8 esercitato seguendo le modalit\u00e0 ed i termini indicati in questo paragrafo , il Venditore provvede a rimborsare le eventuali somme gi\u00e0 incassate per l&#8217;acquisto dei prodotti secondo le modalit\u00e0 ed i termini previsti.<br \/>7.8<br \/>Le somme le saranno rimborsate nel minore tempo possibile ed, in ogni caso, entro quattordici (14) giorni dalla data in cui il Venditore \u00e8 venuto a conoscenza dell&#8217;esercizio del suo diritto di recesso, provvederemo ad attivare le procedure di rimborso, una volta verificata la corretta esecuzione dei termini e delle condizioni sopra indicate.<br \/>7.10<br \/>Qualora non siano rispettate le modalit\u00e0 e i termini per l&#8217;esercizio del suo diritto di recesso, non avr\u00e0 diritto al rimborso delle somme gi\u00e0 corrisposte al Venditore. Entro 14 giorni dall\u2019invio della e-mail con cui le sar\u00e0 comunicata la mancata accettazione del reso, potr\u00e0 scegliere di riottenere, a sue spese, i prodotti nello stato in cui sono stati restituiti al Venditore, dandone comunicazione al Venditore stesso, secondo le modalit\u00e0 che le saranno comunicate. In caso contrario, il Venditore potr\u00e0 trattenere i prodotti, oltre alle somme gi\u00e0 pagate per il loro acquisto. <\/span><\/p>\n<p>[\/et_pb_text][\/et_pb_column][\/et_pb_row][\/et_pb_section]<\/p>\n","protected":false},"excerpt":{"rendered":"<p>DIRITTO DI RECESSO INFORMATIVA SULL\u2019ESERCIZIO DEL DIRITTO DI RECESSOIn conformit\u00e0 a quanto disposto dal D.Lgs. 206\/2005\u2013 e, nello specifico, dagli articoli 64 e seguenti del medesimo \u2013 e sue successive modificazioni, il diritto di recesso consiste nella facolt\u00e0 del Cliente Consumatore di recedere dal contratto, restituendo i prodotti acquistati con conseguente maturazione del diritto ad [&hellip;]<\/p>\n","protected":false},"author":1,"featured_media":0,"parent":0,"menu_order":0,"comment_status":"closed","ping_status":"closed","template":"","meta":{"_et_pb_use_builder":"on","_et_pb_old_content":"","_et_gb_content_width":"","footnotes":""},"class_list":["post-33754","page","type-page","status-publish","hentry"],"aioseo_notices":[],"_links":{"self":[{"href":"https:\/\/monicacoscioni.it\/en\/wp-json\/wp\/v2\/pages\/33754","targetHints":{"allow":["GET"]}}],"collection":[{"href":"https:\/\/monicacoscioni.it\/en\/wp-json\/wp\/v2\/pages"}],"about":[{"href":"https:\/\/monicacoscioni.it\/en\/wp-json\/wp\/v2\/types\/page"}],"author":[{"embeddable":true,"href":"https:\/\/monicacoscioni.it\/en\/wp-json\/wp\/v2\/users\/1"}],"replies":[{"embeddable":true,"href":"https:\/\/monicacoscioni.it\/en\/wp-json\/wp\/v2\/comments?post=33754"}],"version-history":[{"count":1,"href":"https:\/\/monicacoscioni.it\/en\/wp-json\/wp\/v2\/pages\/33754\/revisions"}],"predecessor-version":[{"id":33755,"href":"https:\/\/monicacoscioni.it\/en\/wp-json\/wp\/v2\/pages\/33754\/revisions\/33755"}],"wp:attachment":[{"href":"https:\/\/monicacoscioni.it\/en\/wp-json\/wp\/v2\/media?parent=33754"}],"curies":[{"name":"wp","href":"https:\/\/api.w.org\/{rel}","templated":true}]}}